{"id":13,"date":"2023-12-17T16:24:52","date_gmt":"2023-12-17T16:24:52","guid":{"rendered":"https:\/\/tarasybalkony.pl\/?page_id=13"},"modified":"2026-02-07T14:15:15","modified_gmt":"2026-02-07T14:15:15","slug":"strona-glowna","status":"publish","type":"page","link":"https:\/\/tarasybalkony.pl\/","title":{"rendered":"Strona g\u0142\u00f3wna"},"content":{"rendered":"\n<div class=\"wp-block-cover alignfull is-light\" style=\"min-height:584px\"><span aria-hidden=\"true\" class=\"wp-block-cover__background has-background-dim-30 has-background-dim\"><\/span><img loading=\"lazy\" decoding=\"async\" width=\"1915\" height=\"2560\" class=\"wp-block-cover__image-background wp-image-276\" alt=\"\" src=\"https:\/\/tarasybalkony.pl\/wp-content\/uploads\/2025\/03\/IMG_20230726_101205-scaled.jpg\" style=\"object-position:54% 47%\" data-object-fit=\"cover\" data-object-position=\"54% 47%\" srcset=\"https:\/\/tarasybalkony.pl\/wp-content\/uploads\/2025\/03\/IMG_20230726_101205-scaled.jpg 1915w, https:\/\/tarasybalkony.pl\/wp-content\/uploads\/2025\/03\/IMG_20230726_101205-224x300.jpg 224w, https:\/\/tarasybalkony.pl\/wp-content\/uploads\/2025\/03\/IMG_20230726_101205-766x1024.jpg 766w, https:\/\/tarasybalkony.pl\/wp-content\/uploads\/2025\/03\/IMG_20230726_101205-768x1027.jpg 768w, https:\/\/tarasybalkony.pl\/wp-content\/uploads\/2025\/03\/IMG_20230726_101205-1149x1536.jpg 1149w, https:\/\/tarasybalkony.pl\/wp-content\/uploads\/2025\/03\/IMG_20230726_101205-1532x2048.jpg 1532w\" sizes=\"(max-width: 1915px) 100vw, 1915px\" \/><div class=\"wp-block-cover__inner-container is-layout-flow wp-block-cover-is-layout-flow\">\n<h1 class=\"wp-block-heading has-text-align-center has-nv-site-bg-color has-text-color\" style=\"font-style:normal;font-weight:800\"><strong>Witaj na stronie TarasyBalkony.pl!<\/strong><\/h1>\n\n\n\n<p class=\"has-text-align-center has-nv-site-bg-color has-text-color\" style=\"font-size:28px\">Czy zmagasz si\u0119 z odpadaj\u0105cymi p\u0142ytkami i przeciekaj\u0105c\u0105 wod\u0105 na tarasie, balkonie lub schodach? Skontaktuj si\u0119 z nami! Oferujemy r\u00f3\u017cnorodne rozwi\u0105zania technologiczne dostosowane do Twoich potrzeb, zlece\u0144 podejmujemy si\u0119 w Krakowie i okolicy.<\/p>\n\n\n\n<p class=\"has-text-align-center has-nv-site-bg-color has-text-color has-link-color wp-elements-e3d40f901ebced732da49b4a4cd3e908\" style=\"font-size:28px\">Jeste\u015bmy zespo\u0142em do\u015bwiadczonych specjalist\u00f3w w dziedzinie remontowania balkon\u00f3w i taras\u00f3w. Szczelne i trwa\u0142e hydroizolacje to nasza specjalno\u015b\u0107.<\/p>\n\n\n\n<p class=\"has-text-align-center has-nv-site-bg-color has-text-color has-link-color has-large-font-size wp-elements-ef52168e932f8b9dc178d58e2c999f99\">Zadzwo\u0144: <br><strong><a href=\"tel:784-633-924\">784 633 924 <\/a><\/strong> Filip<\/p>\n<\/div><\/div>\n\n\n\n<div style=\"height:66px\" aria-hidden=\"true\" class=\"wp-block-spacer\"><\/div>\n\n\n\n<p class=\"has-text-align-center has-large-font-size\"><strong>W naszej ofercie znajdziecie:<\/strong><\/p>\n\n\n\n<div class=\"wp-block-columns are-vertically-aligned-top is-layout-flex wp-container-core-columns-layout-1 wp-block-columns-is-layout-flex\">\n<div class=\"wp-block-column is-vertically-aligned-top is-layout-flow wp-block-column-is-layout-flow\">\n<div style=\"height:20px\" aria-hidden=\"true\" class=\"wp-block-spacer\"><\/div>\n\n\n\n<h3 class=\"wp-block-heading has-text-align-left has-text-align-center has-neve-text-color-color has-text-color\"><strong>Trwa\u0142e hydroizolacje z membrany EPDM lub TPO<\/strong>, <strong>tarasy wentylowane<\/strong><\/h3>\n\n\n\n<p><\/p>\n\n\n\n<div style=\"height:0px\" aria-hidden=\"true\" class=\"wp-block-spacer\"><\/div>\n\n\n\n<p>Rozwi\u0105zanie zapewniaj\u0105ce skuteczn\u0105 ochron\u0119 przed przeciekami wody. Membrany EPDM lub TPO charakteryzuj\u0105 si\u0119 wysok\u0105 elastyczno\u015bci\u0105 i trwa\u0142o\u015bci\u0105. Do tej hydroizolacji proponujemy zastosowanie p\u0142yt gresowych 2cm lub deski kompozytowej, tworz\u0105c tym samym taras wentylowany. Posadzka wentylowana to najtrwalsze rozwi\u0105zanie na nasze warunki atmosferyczne, jednocze\u015bnie po latach ewentualna naprawa izolacji nie stanowi du\u017cego wyzwania.<\/p>\n<\/div>\n\n\n\n<div class=\"wp-block-column is-vertically-aligned-top is-layout-flow wp-block-column-is-layout-flow\">\n<div style=\"height:20px\" aria-hidden=\"true\" class=\"wp-block-spacer\"><\/div>\n\n\n\n<h3 class=\"wp-block-heading has-text-align-center has-neve-text-color-color has-text-color\"><strong>Kompleksowe remonty<\/strong><\/h3>\n\n\n\n<p> <\/p>\n\n\n\n<div style=\"height:33px\" aria-hidden=\"true\" class=\"wp-block-spacer\"><\/div>\n\n\n\n<p>Od wielu lat specjalizujemy si\u0119 w remontach balkon\u00f3w i taras\u00f3w. Realizujemy prace kompleksowo \u2013 od przygotowania miejsca rob\u00f3t, przez demonta\u017c starych warstw, a\u017c po wykonanie trwa\u0142ych hydroizolacji i warstw wyko\u0144czeniowych.<\/p>\n\n\n\n<p>Dysponujemy w\u0142asnym rusztowaniem, dzi\u0119ki czemu sprawnie i bezpiecznie prowadzimy prace nawet na wy\u017cszych kondygnacjach. Naprawiamy r\u00f3wnie\u017c uszkodzone fragmenty elewacji w obr\u0119bie balkonu lub tarasu.<\/p>\n\n\n\n<p>Po zako\u0144czeniu rob\u00f3t zapewniamy wyw\u00f3z gruzu i dok\u0142adne uporz\u0105dkowanie miejsca pracy. Dzi\u0119ki do\u015bwiadczeniu i sprawdzonym rozwi\u0105zaniom oferujemy solidne, trwa\u0142e i estetyczne wykonanie na lata.<\/p>\n<\/div>\n\n\n\n<div class=\"wp-block-column is-vertically-aligned-top is-layout-flow wp-block-column-is-layout-flow\">\n<div style=\"height:20px\" aria-hidden=\"true\" class=\"wp-block-spacer\"><\/div>\n\n\n\n<h3 class=\"wp-block-heading has-text-align-center has-neve-text-color-color has-text-color\"><strong>Dopasowane Projekty<\/strong><\/h3>\n\n\n\n<p> <\/p>\n\n\n\n<div style=\"height:29px\" aria-hidden=\"true\" class=\"wp-block-spacer\"><\/div>\n\n\n\n<p>Ka\u017cdy balkon\/taras jest inny, dlatego podej\u015bcie do projektu musi by\u0107 unikalne. Mo\u017cemy zabezpieczy\u0107 p\u0142ytki na twoim balkonie bezbarwn\u0105, elastyczn\u0105 i antypo\u015blizgow\u0105 \u017cywic\u0105, mo\u017cemy na istniej\u0105cych p\u0142ytkach po\u0142o\u017cy\u0107 membran\u0119 EPDM, cz\u0119sto niestety trzeba sku\u0107 nie tylko p\u0142ytki ale te\u017c wylewk\u0119. W zale\u017cno\u015bci od r\u00f3\u017cnych czynnik\u00f3w zaproponujemy inne rozwi\u0105zanie.\u00a0<\/p>\n\n\n\n<p>Poza remontem posadzki, naprawiamy r\u00f3wnie\u017c zniszczon\u0105 elewacj\u0119, odnowimy lub wymienimy barierk\u0119, zajmujemy si\u0119 remontem kompleksowo!<\/p>\n\n\n\n<p>&nbsp;Do wsp\u00f3\u0142pracy zapraszamy wszystkich klient\u00f3w: prywatnych, wsp\u00f3lnoty mieszkaniowe itd. Dysponujemy odpowiednim zapleczem ludzkim oraz sprz\u0119towym, umo\u017cliwiaj\u0105cym realizacj\u0119 du\u017cych i ma\u0142ych remont\u00f3w.&nbsp;<\/p>\n\n\n\n<div style=\"height:20px\" aria-hidden=\"true\" class=\"wp-block-spacer\"><\/div>\n<\/div>\n<\/div>\n\n\n\n<div class=\"wp-block-columns is-layout-flex wp-container-core-columns-layout-2 wp-block-columns-is-layout-flex\">\n<div class=\"wp-block-column is-layout-flow wp-block-column-is-layout-flow\"><\/div>\n\n\n\n<div class=\"wp-block-column is-layout-flow wp-block-column-is-layout-flow\"><\/div>\n<\/div>\n\n\n\n<div class=\"wp-block-cover alignfull is-light\" style=\"min-height:600px\"><span aria-hidden=\"true\" class=\"wp-block-cover__background has-nv-light-bg-background-color has-background-dim-100 has-background-dim\"><\/span><div class=\"wp-block-cover__inner-container is-layout-flow wp-block-cover-is-layout-flow\">\n<div class=\"wp-block-group is-layout-flow wp-block-group-is-layout-flow\"><div class=\"wp-block-group__inner-container\">\n<div class=\"wp-block-columns are-vertically-aligned-center is-layout-flex wp-container-core-columns-layout-3 wp-block-columns-is-layout-flex\">\n<div class=\"wp-block-column is-vertically-aligned-center is-layout-flow wp-block-column-is-layout-flow\" style=\"flex-basis:50%\">\n<figure class=\"wp-block-image size-large\"><img loading=\"lazy\" decoding=\"async\" width=\"1024\" height=\"766\" src=\"https:\/\/tarasybalkony.pl\/wp-content\/uploads\/2023\/12\/kamienny-dywan-4-1024x766.jpg\" alt=\"\" class=\"wp-image-117\" srcset=\"https:\/\/tarasybalkony.pl\/wp-content\/uploads\/2023\/12\/kamienny-dywan-4-1024x766.jpg 1024w, https:\/\/tarasybalkony.pl\/wp-content\/uploads\/2023\/12\/kamienny-dywan-4-300x224.jpg 300w, https:\/\/tarasybalkony.pl\/wp-content\/uploads\/2023\/12\/kamienny-dywan-4-768x574.jpg 768w, https:\/\/tarasybalkony.pl\/wp-content\/uploads\/2023\/12\/kamienny-dywan-4-1536x1149.jpg 1536w, https:\/\/tarasybalkony.pl\/wp-content\/uploads\/2023\/12\/kamienny-dywan-4-2048x1532.jpg 2048w\" sizes=\"(max-width: 1024px) 100vw, 1024px\" \/><\/figure>\n<\/div>\n\n\n\n<div class=\"wp-block-column is-vertically-aligned-center is-layout-flow wp-block-column-is-layout-flow\" style=\"flex-basis:50%\">\n<div style=\"height:20px\" aria-hidden=\"true\" class=\"wp-block-spacer\"><\/div>\n\n\n\n<h2 class=\"wp-block-heading has-text-align-left has-neve-text-color-color has-text-color\">Zapoznaj si\u0119 z naszym portfolio prac<\/h2>\n\n\n\n<div class=\"wp-block-buttons is-content-justification-left is-layout-flex wp-container-core-buttons-layout-1 wp-block-buttons-is-layout-flex\">\n<div class=\"wp-block-button is-style-primary\"><a class=\"wp-block-button__link wp-element-button\" href=\"https:\/\/tarasybalkony.pl\/index.php\/blog\/\">Zobacz nasze realizacje<\/a><\/div>\n<\/div>\n<\/div>\n<\/div>\n\n\n\n<div style=\"height:40px\" aria-hidden=\"true\" class=\"wp-block-spacer\"><\/div>\n<\/div><\/div>\n<\/div><\/div>\n","protected":false},"excerpt":{"rendered":"<p>W naszej ofercie znajdziecie: Trwa\u0142e hydroizolacje z membrany EPDM lub TPO, tarasy wentylowane Rozwi\u0105zanie zapewniaj\u0105ce skuteczn\u0105 ochron\u0119 przed przeciekami wody. Membrany EPDM lub TPO charakteryzuj\u0105 si\u0119 wysok\u0105 elastyczno\u015bci\u0105 i trwa\u0142o\u015bci\u0105. Do tej hydroizolacji proponujemy zastosowanie p\u0142yt gresowych 2cm lub deski kompozytowej, tworz\u0105c tym samym taras wentylowany. Posadzka wentylowana to najtrwalsze rozwi\u0105zanie na nasze warunki atmosferyczne,&hellip;&nbsp;<a href=\"https:\/\/tarasybalkony.pl\/\" rel=\"bookmark\">Dowiedz si\u0119 wi\u0119cej &raquo;<span class=\"screen-reader-text\">Strona g\u0142\u00f3wna<\/span><\/a><\/p>\n","protected":false},"author":1,"featured_media":0,"parent":0,"menu_order":0,"comment_status":"closed","ping_status":"closed","template":"","meta":{"neve_meta_sidebar":"","neve_meta_container":"","neve_meta_enable_content_width":"on","neve_meta_content_width":100,"neve_meta_title_alignment":"","neve_meta_author_avatar":"","neve_post_elements_order":"","neve_meta_disable_header":"","neve_meta_disable_footer":"","neve_meta_disable_title":"on","footnotes":""},"_links":{"self":[{"href":"https:\/\/tarasybalkony.pl\/index.php\/wp-json\/wp\/v2\/pages\/13"}],"collection":[{"href":"https:\/\/tarasybalkony.pl\/index.php\/wp-json\/wp\/v2\/pages"}],"about":[{"href":"https:\/\/tarasybalkony.pl\/index.php\/wp-json\/wp\/v2\/types\/page"}],"author":[{"embeddable":true,"href":"https:\/\/tarasybalkony.pl\/index.php\/wp-json\/wp\/v2\/users\/1"}],"replies":[{"embeddable":true,"href":"https:\/\/tarasybalkony.pl\/index.php\/wp-json\/wp\/v2\/comments?post=13"}],"version-history":[{"count":42,"href":"https:\/\/tarasybalkony.pl\/index.php\/wp-json\/wp\/v2\/pages\/13\/revisions"}],"predecessor-version":[{"id":295,"href":"https:\/\/tarasybalkony.pl\/index.php\/wp-json\/wp\/v2\/pages\/13\/revisions\/295"}],"wp:attachment":[{"href":"https:\/\/tarasybalkony.pl\/index.php\/wp-json\/wp\/v2\/media?parent=13"}],"curies":[{"name":"wp","href":"https:\/\/api.w.org\/{rel}","templated":true}]}}